{"id":503,"date":"2023-01-16T14:58:07","date_gmt":"2023-01-16T13:58:07","guid":{"rendered":"https:\/\/bernardi.bz.it\/lo-studio\/"},"modified":"2025-12-19T12:15:47","modified_gmt":"2025-12-19T11:15:47","slug":"lo-studio","status":"publish","type":"page","link":"https:\/\/bernardi.bz.it\/it\/lo-studio\/","title":{"rendered":"Lo Studio"},"content":{"rendered":"\t\t<div data-elementor-type=\"wp-page\" data-elementor-id=\"503\" class=\"elementor elementor-503 elementor-29\" data-elementor-post-type=\"page\">\n\t\t\t\t<div class=\"elementor-element elementor-element-636a493 e-flex e-con-boxed e-con e-parent\" data-id=\"636a493\" data-element_type=\"container\">\n\t\t\t\t\t<div class=\"e-con-inner\">\n\t\t\t\t<div class=\"elementor-element elementor-element-72e4dc1 elementor-widget elementor-widget-breadcrumbs\" data-id=\"72e4dc1\" data-element_type=\"widget\" data-widget_type=\"breadcrumbs.default\">\n\t\t\t\t<div class=\"elementor-widget-container\">\n\t\t\t\t\t<p id=\"breadcrumbs\"><span><span><a href=\"https:\/\/bernardi.bz.it\/it\/\">Startseite<\/a><\/span><\/span><\/p>\t\t\t\t<\/div>\n\t\t\t\t<\/div>\n\t\t\t\t<div class=\"elementor-element elementor-element-072808e elementor-widget elementor-widget-heading\" data-id=\"072808e\" data-element_type=\"widget\" data-widget_type=\"heading.default\">\n\t\t\t\t<div class=\"elementor-widget-container\">\n\t\t\t\t\t<h2 class=\"elementor-heading-title elementor-size-default\">Lo Studio<\/h2>\t\t\t\t<\/div>\n\t\t\t\t<\/div>\n\t\t\t\t<div class=\"elementor-element elementor-element-df99dba elementor-widget elementor-widget-text-editor\" data-id=\"df99dba\" data-element_type=\"widget\" data-widget_type=\"text-editor.default\">\n\t\t\t\t<div class=\"elementor-widget-container\">\n\t\t\t\t\t\t\t\t\t<p>Nel gennaio 2023 il commercialista e il revisore legale Silvan Bernardi ha aperto il proprio studio a Bressanone (Alto Adige). Valori come affidabilit\u00e0, professionalit\u00e0, correttezza e spirito di squadra giocano un ruolo fondamentale nello \u201cStudio Bernardi\u201d. L&#8217;ex giocatore di pallamano sa di cosa parla. Il senso della qualit\u00e0 e della professionalit\u00e0 sono di estrema importanza nel team di cinque membri dello studio di consulenza tributaria.<\/p>\n<p>Nel gennaio 2026, la commercialista Martina Bacher, che sin dalla fondazione dello studio ne \u00e8 stata un pilastro fondamentale, \u00e8 stata accolta come socia. Negli ultimi tre anni i due hanno lavorato fianco a fianco, rendendo questo passo una conseguenza logica. Insieme, i due commercialisti costituiscono il nucleo del giovane team.<\/p>\n<p>Una rete eccellente e costantemente aggiornata di colleghi professionisti, notai, avvocati e altri specialisti in patria e all&#8217;estero completa i servizi offerti dallo studio legale. Questo ci permette di fornire ai nostri clienti la migliore consulenza e assistenza possibile.<\/p>\n\t\t\t\t\t\t\t\t<\/div>\n\t\t\t\t<\/div>\n\t\t\t\t\t<\/div>\n\t\t\t\t<\/div>\n\t\t<div class=\"elementor-element elementor-element-2869789 e-con-full e-flex e-con e-parent\" data-id=\"2869789\" data-element_type=\"container\" data-settings=\"{&quot;background_background&quot;:&quot;slideshow&quot;,&quot;background_slideshow_gallery&quot;:[{&quot;id&quot;:603,&quot;url&quot;:&quot;https:\\\/\\\/bernardi.bz.it\\\/wp-content\\\/uploads\\\/2023\\\/05\\\/bernardi-treppe-1.jpg&quot;},{&quot;id&quot;:647,&quot;url&quot;:&quot;https:\\\/\\\/bernardi.bz.it\\\/wp-content\\\/uploads\\\/2023\\\/05\\\/bernardi-treppe-foyer-3.jpg&quot;}],&quot;background_slideshow_loop&quot;:&quot;yes&quot;,&quot;background_slideshow_slide_duration&quot;:5000,&quot;background_slideshow_slide_transition&quot;:&quot;fade&quot;,&quot;background_slideshow_transition_duration&quot;:500}\">\n\t\t\t\t<\/div>\n\t\t<div class=\"elementor-element elementor-element-7bbb4f8 e-flex e-con-boxed e-con e-parent\" data-id=\"7bbb4f8\" data-element_type=\"container\" data-settings=\"{&quot;background_background&quot;:&quot;classic&quot;}\">\n\t\t\t\t\t<div class=\"e-con-inner\">\n\t\t\t\t<div class=\"elementor-element elementor-element-ffb314b elementor-widget elementor-widget-text-editor\" data-id=\"ffb314b\" data-element_type=\"widget\" data-widget_type=\"text-editor.default\">\n\t\t\t\t<div class=\"elementor-widget-container\">\n\t\t\t\t\t\t\t\t\t<p>Tra le mura storiche dell&#8217;ex scuola di musica di Bressanone, dove in passato si udivano suoni musicali, oggi si trovano soluzioni orientate al cliente, in tutti i settori del diritto commerciale e fiscale. La fiducia gioca un ruolo preponderante e caratterizza la collaborazione con i clienti. <\/p>\n\t\t\t\t\t\t\t\t<\/div>\n\t\t\t\t<\/div>\n\t\t\t\t\t<\/div>\n\t\t\t\t<\/div>\n\t\t<div class=\"elementor-element elementor-element-947311c e-flex e-con-boxed e-con e-parent\" data-id=\"947311c\" data-element_type=\"container\">\n\t\t\t\t\t<div class=\"e-con-inner\">\n\t\t<div class=\"elementor-element elementor-element-b7663ce e-con-full e-flex e-con e-child\" data-id=\"b7663ce\" data-element_type=\"container\">\n\t\t\t\t<div class=\"elementor-element elementor-element-d8fdc90 elementor-widget elementor-widget-image\" data-id=\"d8fdc90\" data-element_type=\"widget\" data-widget_type=\"image.default\">\n\t\t\t\t<div class=\"elementor-widget-container\">\n\t\t\t\t\t\t\t\t\t\t\t\t\t\t\t<img fetchpriority=\"high\" decoding=\"async\" width=\"1003\" height=\"1024\" src=\"https:\/\/bernardi.bz.it\/wp-content\/uploads\/2023\/05\/bernardi-silvan-portrait.jpg\" class=\"attachment-large size-large wp-image-654\" alt=\"Portr\u00e4t von Silvan Bernardi im Anzug und mit Krawatte vor goldenem Hintergrund, freundlich und professionell in die Kamera blickend.\" srcset=\"https:\/\/bernardi.bz.it\/wp-content\/uploads\/2023\/05\/bernardi-silvan-portrait.jpg 1003w, https:\/\/bernardi.bz.it\/wp-content\/uploads\/2023\/05\/bernardi-silvan-portrait-294x300.jpg 294w, https:\/\/bernardi.bz.it\/wp-content\/uploads\/2023\/05\/bernardi-silvan-portrait-768x784.jpg 768w\" sizes=\"(max-width: 1003px) 100vw, 1003px\" \/>\t\t\t\t\t\t\t\t\t\t\t\t\t\t\t<\/div>\n\t\t\t\t<\/div>\n\t\t\t\t<\/div>\n\t\t<div class=\"elementor-element elementor-element-a9c67d1 e-con-full e-flex e-con e-child\" data-id=\"a9c67d1\" data-element_type=\"container\">\n\t\t\t\t<div class=\"elementor-element elementor-element-93457b9 elementor-widget elementor-widget-text-editor\" data-id=\"93457b9\" data-element_type=\"widget\" data-widget_type=\"text-editor.default\">\n\t\t\t\t<div class=\"elementor-widget-container\">\n\t\t\t\t\t\t\t\t\t<p>&#8220;\u00c8 importante svilupparsi costantemente e rimanere in movimento: \u00e8 una prova di stabilit\u00e0. E le aziende stabili hanno maggiori opportunit\u00e0 nel futuro&#8221;,<\/p>\n\t\t\t\t\t\t\t\t<\/div>\n\t\t\t\t<\/div>\n\t\t\t\t<div class=\"elementor-element elementor-element-bff9d01 elementor-widget elementor-widget-text-editor\" data-id=\"bff9d01\" data-element_type=\"widget\" data-widget_type=\"text-editor.default\">\n\t\t\t\t<div class=\"elementor-widget-container\">\n\t\t\t\t\t\t\t\t\t<p>Silvan Bernardi, commercialista e revisore legale<\/p>\n\t\t\t\t\t\t\t\t<\/div>\n\t\t\t\t<\/div>\n\t\t\t\t<\/div>\n\t\t\t\t\t<\/div>\n\t\t\t\t<\/div>\n\t\t<div class=\"elementor-element elementor-element-db7e017 e-flex e-con-boxed e-con e-parent\" data-id=\"db7e017\" data-element_type=\"container\" data-settings=\"{&quot;background_background&quot;:&quot;classic&quot;}\">\n\t\t\t\t\t<div class=\"e-con-inner\">\n\t\t\t\t<div class=\"elementor-element elementor-element-62b542c elementor-widget elementor-widget-heading\" data-id=\"62b542c\" data-element_type=\"widget\" data-widget_type=\"heading.default\">\n\t\t\t\t<div class=\"elementor-widget-container\">\n\t\t\t\t\t<h2 class=\"elementor-heading-title elementor-size-default\">Siamo sempre alla vostra disposizione<\/h2>\t\t\t\t<\/div>\n\t\t\t\t<\/div>\n\t\t\t\t<div class=\"elementor-element elementor-element-079f060 elementor-align-center elementor-widget elementor-widget-button\" data-id=\"079f060\" data-element_type=\"widget\" data-widget_type=\"button.default\">\n\t\t\t\t<div class=\"elementor-widget-container\">\n\t\t\t\t\t\t\t\t\t<div class=\"elementor-button-wrapper\">\n\t\t\t\t\t<a class=\"elementor-button elementor-button-link elementor-size-sm\" href=\"https:\/\/bernardi.bz.it\/it\/contatto\/\">\n\t\t\t\t\t\t<span class=\"elementor-button-content-wrapper\">\n\t\t\t\t\t\t\t\t\t<span class=\"elementor-button-text\">FISSARE UN APPUNTAMENTO<\/span>\n\t\t\t\t\t<\/span>\n\t\t\t\t\t<\/a>\n\t\t\t\t<\/div>\n\t\t\t\t\t\t\t\t<\/div>\n\t\t\t\t<\/div>\n\t\t\t\t\t<\/div>\n\t\t\t\t<\/div>\n\t\t\t\t<\/div>\n\t\t","protected":false},"excerpt":{"rendered":"<p>Lo Studio Nel gennaio 2023 il commercialista e il revisore legale Silvan Bernardi ha aperto il proprio studio a Bressanone (Alto Adige). Valori come affidabilit\u00e0, professionalit\u00e0, correttezza e spirito di squadra giocano un ruolo fondamentale nello \u201cStudio Bernardi\u201d. L&#8217;ex giocatore di pallamano sa di cosa parla. Il senso della qualit\u00e0 e della professionalit\u00e0 sono di [&hellip;]<\/p>\n","protected":false},"author":1,"featured_media":806,"parent":0,"menu_order":0,"comment_status":"closed","ping_status":"closed","template":"","meta":{"_acf_changed":false,"footnotes":""},"class_list":["post-503","page","type-page","status-publish","has-post-thumbnail","hentry"],"acf":[],"yoast_head":"<!-- This site is optimized with the Yoast SEO plugin v26.8 - https:\/\/yoast.com\/product\/yoast-seo-wordpress\/ -->\n<title>Lo Studio - Bernardi<\/title>\n<meta name=\"robots\" content=\"index, follow, max-snippet:-1, max-image-preview:large, max-video-preview:-1\" \/>\n<link rel=\"canonical\" href=\"https:\/\/bernardi.bz.it\/it\/lo-studio\/\" \/>\n<meta property=\"og:locale\" content=\"it_IT\" \/>\n<meta property=\"og:type\" content=\"article\" \/>\n<meta property=\"og:title\" content=\"Lo Studio - Bernardi\" \/>\n<meta property=\"og:description\" content=\"Lo Studio Nel gennaio 2023 il commercialista e il revisore legale Silvan Bernardi ha aperto il proprio studio a Bressanone (Alto Adige). Valori come affidabilit\u00e0, professionalit\u00e0, correttezza e spirito di squadra giocano un ruolo fondamentale nello \u201cStudio Bernardi\u201d. L&#8217;ex giocatore di pallamano sa di cosa parla. Il senso della qualit\u00e0 e della professionalit\u00e0 sono di [&hellip;]\" \/>\n<meta property=\"og:url\" content=\"https:\/\/bernardi.bz.it\/it\/lo-studio\/\" \/>\n<meta property=\"og:site_name\" content=\"Bernardi\" \/>\n<meta property=\"article:modified_time\" content=\"2025-12-19T11:15:47+00:00\" \/>\n<meta property=\"og:image\" content=\"https:\/\/bernardi.bz.it\/wp-content\/uploads\/2023\/12\/K2A8075-1.jpg\" \/>\n\t<meta property=\"og:image:width\" content=\"2048\" \/>\n\t<meta property=\"og:image:height\" content=\"1366\" \/>\n\t<meta property=\"og:image:type\" content=\"image\/jpeg\" \/>\n<meta name=\"twitter:card\" content=\"summary_large_image\" \/>\n<meta name=\"twitter:label1\" content=\"Tempo di lettura stimato\" \/>\n\t<meta name=\"twitter:data1\" content=\"1 minuto\" \/>\n<script type=\"application\/ld+json\" class=\"yoast-schema-graph\">{\"@context\":\"https:\/\/schema.org\",\"@graph\":[{\"@type\":\"WebPage\",\"@id\":\"https:\/\/bernardi.bz.it\/it\/lo-studio\/\",\"url\":\"https:\/\/bernardi.bz.it\/it\/lo-studio\/\",\"name\":\"Lo Studio - Bernardi\",\"isPartOf\":{\"@id\":\"https:\/\/bernardi.bz.it\/it\/#website\"},\"primaryImageOfPage\":{\"@id\":\"https:\/\/bernardi.bz.it\/it\/lo-studio\/#primaryimage\"},\"image\":{\"@id\":\"https:\/\/bernardi.bz.it\/it\/lo-studio\/#primaryimage\"},\"thumbnailUrl\":\"https:\/\/bernardi.bz.it\/wp-content\/uploads\/2023\/12\/K2A8075-1.jpg\",\"datePublished\":\"2023-01-16T13:58:07+00:00\",\"dateModified\":\"2025-12-19T11:15:47+00:00\",\"breadcrumb\":{\"@id\":\"https:\/\/bernardi.bz.it\/it\/lo-studio\/#breadcrumb\"},\"inLanguage\":\"it-IT\",\"potentialAction\":[{\"@type\":\"ReadAction\",\"target\":[\"https:\/\/bernardi.bz.it\/it\/lo-studio\/\"]}]},{\"@type\":\"ImageObject\",\"inLanguage\":\"it-IT\",\"@id\":\"https:\/\/bernardi.bz.it\/it\/lo-studio\/#primaryimage\",\"url\":\"https:\/\/bernardi.bz.it\/wp-content\/uploads\/2023\/12\/K2A8075-1.jpg\",\"contentUrl\":\"https:\/\/bernardi.bz.it\/wp-content\/uploads\/2023\/12\/K2A8075-1.jpg\",\"width\":2048,\"height\":1366,\"caption\":\"Detailansicht des Kreuzgangs am Brixner Dom, gesehen aus der Kanzlei von Silvan Bernardi, mit alten Rundb\u00f6gen, S\u00e4ulen und Ziegeln im sanften Licht.\"},{\"@type\":\"BreadcrumbList\",\"@id\":\"https:\/\/bernardi.bz.it\/it\/lo-studio\/#breadcrumb\",\"itemListElement\":[{\"@type\":\"ListItem\",\"position\":1,\"name\":\"Startseite\",\"item\":\"https:\/\/bernardi.bz.it\/it\/\"},{\"@type\":\"ListItem\",\"position\":2,\"name\":\"Lo Studio\"}]},{\"@type\":\"WebSite\",\"@id\":\"https:\/\/bernardi.bz.it\/it\/#website\",\"url\":\"https:\/\/bernardi.bz.it\/it\/\",\"name\":\"Bernardi\",\"description\":\"Societ\u00e0 di consulenza fiscale e revisione contabile\",\"publisher\":{\"@id\":\"https:\/\/bernardi.bz.it\/it\/#organization\"},\"potentialAction\":[{\"@type\":\"SearchAction\",\"target\":{\"@type\":\"EntryPoint\",\"urlTemplate\":\"https:\/\/bernardi.bz.it\/it\/?s={search_term_string}\"},\"query-input\":{\"@type\":\"PropertyValueSpecification\",\"valueRequired\":true,\"valueName\":\"search_term_string\"}}],\"inLanguage\":\"it-IT\"},{\"@type\":\"Organization\",\"@id\":\"https:\/\/bernardi.bz.it\/it\/#organization\",\"name\":\"Bernardi - Kanzlei f\u00fcr Steuerberatung und Wirtschaftspr\u00fcfung\",\"url\":\"https:\/\/bernardi.bz.it\/it\/\",\"logo\":{\"@type\":\"ImageObject\",\"inLanguage\":\"it-IT\",\"@id\":\"https:\/\/bernardi.bz.it\/it\/#\/schema\/logo\/image\/\",\"url\":\"https:\/\/bernardi.bz.it\/wp-content\/uploads\/2023\/01\/Bernardi-c85m20y55k70.svg\",\"contentUrl\":\"https:\/\/bernardi.bz.it\/wp-content\/uploads\/2023\/01\/Bernardi-c85m20y55k70.svg\",\"caption\":\"Bernardi - Kanzlei f\u00fcr Steuerberatung und Wirtschaftspr\u00fcfung\"},\"image\":{\"@id\":\"https:\/\/bernardi.bz.it\/it\/#\/schema\/logo\/image\/\"}}]}<\/script>\n<!-- \/ Yoast SEO plugin. -->","yoast_head_json":{"title":"Lo Studio - Bernardi","robots":{"index":"index","follow":"follow","max-snippet":"max-snippet:-1","max-image-preview":"max-image-preview:large","max-video-preview":"max-video-preview:-1"},"canonical":"https:\/\/bernardi.bz.it\/it\/lo-studio\/","og_locale":"it_IT","og_type":"article","og_title":"Lo Studio - Bernardi","og_description":"Lo Studio Nel gennaio 2023 il commercialista e il revisore legale Silvan Bernardi ha aperto il proprio studio a Bressanone (Alto Adige). Valori come affidabilit\u00e0, professionalit\u00e0, correttezza e spirito di squadra giocano un ruolo fondamentale nello \u201cStudio Bernardi\u201d. L&#8217;ex giocatore di pallamano sa di cosa parla. Il senso della qualit\u00e0 e della professionalit\u00e0 sono di [&hellip;]","og_url":"https:\/\/bernardi.bz.it\/it\/lo-studio\/","og_site_name":"Bernardi","article_modified_time":"2025-12-19T11:15:47+00:00","og_image":[{"width":2048,"height":1366,"url":"https:\/\/bernardi.bz.it\/wp-content\/uploads\/2023\/12\/K2A8075-1.jpg","type":"image\/jpeg"}],"twitter_card":"summary_large_image","twitter_misc":{"Tempo di lettura stimato":"1 minuto"},"schema":{"@context":"https:\/\/schema.org","@graph":[{"@type":"WebPage","@id":"https:\/\/bernardi.bz.it\/it\/lo-studio\/","url":"https:\/\/bernardi.bz.it\/it\/lo-studio\/","name":"Lo Studio - Bernardi","isPartOf":{"@id":"https:\/\/bernardi.bz.it\/it\/#website"},"primaryImageOfPage":{"@id":"https:\/\/bernardi.bz.it\/it\/lo-studio\/#primaryimage"},"image":{"@id":"https:\/\/bernardi.bz.it\/it\/lo-studio\/#primaryimage"},"thumbnailUrl":"https:\/\/bernardi.bz.it\/wp-content\/uploads\/2023\/12\/K2A8075-1.jpg","datePublished":"2023-01-16T13:58:07+00:00","dateModified":"2025-12-19T11:15:47+00:00","breadcrumb":{"@id":"https:\/\/bernardi.bz.it\/it\/lo-studio\/#breadcrumb"},"inLanguage":"it-IT","potentialAction":[{"@type":"ReadAction","target":["https:\/\/bernardi.bz.it\/it\/lo-studio\/"]}]},{"@type":"ImageObject","inLanguage":"it-IT","@id":"https:\/\/bernardi.bz.it\/it\/lo-studio\/#primaryimage","url":"https:\/\/bernardi.bz.it\/wp-content\/uploads\/2023\/12\/K2A8075-1.jpg","contentUrl":"https:\/\/bernardi.bz.it\/wp-content\/uploads\/2023\/12\/K2A8075-1.jpg","width":2048,"height":1366,"caption":"Detailansicht des Kreuzgangs am Brixner Dom, gesehen aus der Kanzlei von Silvan Bernardi, mit alten Rundb\u00f6gen, S\u00e4ulen und Ziegeln im sanften Licht."},{"@type":"BreadcrumbList","@id":"https:\/\/bernardi.bz.it\/it\/lo-studio\/#breadcrumb","itemListElement":[{"@type":"ListItem","position":1,"name":"Startseite","item":"https:\/\/bernardi.bz.it\/it\/"},{"@type":"ListItem","position":2,"name":"Lo Studio"}]},{"@type":"WebSite","@id":"https:\/\/bernardi.bz.it\/it\/#website","url":"https:\/\/bernardi.bz.it\/it\/","name":"Bernardi","description":"Societ\u00e0 di consulenza fiscale e revisione contabile","publisher":{"@id":"https:\/\/bernardi.bz.it\/it\/#organization"},"potentialAction":[{"@type":"SearchAction","target":{"@type":"EntryPoint","urlTemplate":"https:\/\/bernardi.bz.it\/it\/?s={search_term_string}"},"query-input":{"@type":"PropertyValueSpecification","valueRequired":true,"valueName":"search_term_string"}}],"inLanguage":"it-IT"},{"@type":"Organization","@id":"https:\/\/bernardi.bz.it\/it\/#organization","name":"Bernardi - Kanzlei f\u00fcr Steuerberatung und Wirtschaftspr\u00fcfung","url":"https:\/\/bernardi.bz.it\/it\/","logo":{"@type":"ImageObject","inLanguage":"it-IT","@id":"https:\/\/bernardi.bz.it\/it\/#\/schema\/logo\/image\/","url":"https:\/\/bernardi.bz.it\/wp-content\/uploads\/2023\/01\/Bernardi-c85m20y55k70.svg","contentUrl":"https:\/\/bernardi.bz.it\/wp-content\/uploads\/2023\/01\/Bernardi-c85m20y55k70.svg","caption":"Bernardi - Kanzlei f\u00fcr Steuerberatung und Wirtschaftspr\u00fcfung"},"image":{"@id":"https:\/\/bernardi.bz.it\/it\/#\/schema\/logo\/image\/"}}]}},"_links":{"self":[{"href":"https:\/\/bernardi.bz.it\/it\/wp-json\/wp\/v2\/pages\/503","targetHints":{"allow":["GET"]}}],"collection":[{"href":"https:\/\/bernardi.bz.it\/it\/wp-json\/wp\/v2\/pages"}],"about":[{"href":"https:\/\/bernardi.bz.it\/it\/wp-json\/wp\/v2\/types\/page"}],"author":[{"embeddable":true,"href":"https:\/\/bernardi.bz.it\/it\/wp-json\/wp\/v2\/users\/1"}],"replies":[{"embeddable":true,"href":"https:\/\/bernardi.bz.it\/it\/wp-json\/wp\/v2\/comments?post=503"}],"version-history":[{"count":7,"href":"https:\/\/bernardi.bz.it\/it\/wp-json\/wp\/v2\/pages\/503\/revisions"}],"predecessor-version":[{"id":953,"href":"https:\/\/bernardi.bz.it\/it\/wp-json\/wp\/v2\/pages\/503\/revisions\/953"}],"wp:featuredmedia":[{"embeddable":true,"href":"https:\/\/bernardi.bz.it\/it\/wp-json\/wp\/v2\/media\/806"}],"wp:attachment":[{"href":"https:\/\/bernardi.bz.it\/it\/wp-json\/wp\/v2\/media?parent=503"}],"curies":[{"name":"wp","href":"https:\/\/api.w.org\/{rel}","templated":true}]}}