{"id":523,"date":"2023-01-16T15:58:33","date_gmt":"2023-01-16T14:58:33","guid":{"rendered":"https:\/\/bernardi.bz.it\/note-legali\/"},"modified":"2026-01-29T12:22:42","modified_gmt":"2026-01-29T11:22:42","slug":"note-legali","status":"publish","type":"page","link":"https:\/\/bernardi.bz.it\/it\/note-legali\/","title":{"rendered":"Note legali"},"content":{"rendered":"\t\t<div data-elementor-type=\"wp-page\" data-elementor-id=\"523\" class=\"elementor elementor-523 elementor-41\" data-elementor-post-type=\"page\">\n\t\t\t\t<div class=\"elementor-element elementor-element-cc5dc5e e-flex e-con-boxed e-con e-parent\" data-id=\"cc5dc5e\" data-element_type=\"container\">\n\t\t\t\t\t<div class=\"e-con-inner\">\n\t\t\t\t<div class=\"elementor-element elementor-element-68114e9 elementor-widget elementor-widget-breadcrumbs\" data-id=\"68114e9\" data-element_type=\"widget\" data-widget_type=\"breadcrumbs.default\">\n\t\t\t\t<div class=\"elementor-widget-container\">\n\t\t\t\t\t<p id=\"breadcrumbs\"><span><span><a href=\"https:\/\/bernardi.bz.it\/it\/\">Startseite<\/a><\/span><\/span><\/p>\t\t\t\t<\/div>\n\t\t\t\t<\/div>\n\t\t\t\t<div class=\"elementor-element elementor-element-6a366b9 elementor-widget elementor-widget-heading\" data-id=\"6a366b9\" data-element_type=\"widget\" data-widget_type=\"heading.default\">\n\t\t\t\t<div class=\"elementor-widget-container\">\n\t\t\t\t\t<h2 class=\"elementor-heading-title elementor-size-default\">Note legali<\/h2>\t\t\t\t<\/div>\n\t\t\t\t<\/div>\n\t\t\t\t<div class=\"elementor-element elementor-element-30288ce elementor-widget elementor-widget-text-editor\" data-id=\"30288ce\" data-element_type=\"widget\" data-widget_type=\"text-editor.default\">\n\t\t\t\t<div class=\"elementor-widget-container\">\n\t\t\t\t\t\t\t\t\t<h2>Bernardi Partner STP GmbH\/srl<\/h2>\n<p>Via Sant\u2019Albuino 2<br \/>I-39042 Bressanone (BZ)<\/p>\n<p>Codice fiscale e partita IVA: 03329260214<br \/>Codice destinatario: USAL8PV<\/p>\n<p><a href=\"mailto:stp@pec.bernardi.bz.it\">stp@pec.bernardi.bz.it<\/a><br \/><a href=\"mailto:info@bernardi.bz.it\">info@bernardi.bz.it<\/a><\/p>\n<p><strong><br \/>\nLa contabilit\u00e0 finanziaria \u00e8 gestita dalla nostra societ\u00e0 di elaborazione dati &#8220;Bernardi Partner Data GmbH&#8221;.<\/strong><\/p>\n<p>Bernardi Partner Data GmbH<br \/>Via Sant\u2019Albuino 2<br \/>39042 Bressanone (BZ)<\/p>\n<p>Codice fiscale e partita IVA: 03185950213<\/p>\n<p><strong><br \/>\nDesign und Programmazione:<br \/>\n<\/strong><a href=\"https:\/\/freiundzeit.it\" target=\"_blank\" rel=\"noopener\">Frei und Zeit, Brixen<\/a><\/p>\n<p><strong><br \/>\nDiritti di immagine:<\/strong><br \/><a href=\"https:\/\/freiundzeit.it\">Frei und Zeit<\/a>, Unsplash<\/p>\n<p><strong><br \/>\nNote:<\/strong><br \/>Tutti i contenuti pubblicati su questo sito web sono stati attentamente controllati da noi. Non possiamo assumerci alcuna responsabilit\u00e0 o garanzia per la correttezza e la completezza dei contenuti. Lo stesso vale per tutti i siti web raggiungibili tramite collegamento ipertestuale. Non siamo responsabili del contenuto di questi siti raggiungibili tramite collegamento ipertestuale. Ci riserviamo il diritto di aggiornare, modificare e integrare i contenuti del sito web.<\/p>\n\t\t\t\t\t\t\t\t<\/div>\n\t\t\t\t<\/div>\n\t\t\t\t\t<\/div>\n\t\t\t\t<\/div>\n\t\t\t\t<\/div>\n\t\t","protected":false},"excerpt":{"rendered":"<p>Note legali Bernardi Partner STP GmbH\/srl Via Sant\u2019Albuino 2I-39042 Bressanone (BZ) Codice fiscale e partita IVA: 03329260214Codice destinatario: USAL8PV stp@pec.bernardi.bz.itinfo@bernardi.bz.it La contabilit\u00e0 finanziaria \u00e8 gestita dalla nostra societ\u00e0 di elaborazione dati &#8220;Bernardi Partner Data GmbH&#8221;. Bernardi Partner Data GmbHVia Sant\u2019Albuino 239042 Bressanone (BZ) Codice fiscale e partita IVA: 03185950213 Design und Programmazione: Frei und Zeit, [&hellip;]<\/p>\n","protected":false},"author":1,"featured_media":0,"parent":0,"menu_order":0,"comment_status":"closed","ping_status":"closed","template":"","meta":{"_acf_changed":false,"footnotes":""},"class_list":["post-523","page","type-page","status-publish","hentry"],"acf":[],"yoast_head":"<!-- This site is optimized with the Yoast SEO plugin v26.8 - https:\/\/yoast.com\/product\/yoast-seo-wordpress\/ -->\n<title>Note legali - Bernardi<\/title>\n<meta name=\"robots\" content=\"index, follow, max-snippet:-1, max-image-preview:large, max-video-preview:-1\" \/>\n<link rel=\"canonical\" href=\"https:\/\/bernardi.bz.it\/it\/note-legali\/\" \/>\n<meta property=\"og:locale\" content=\"it_IT\" \/>\n<meta property=\"og:type\" content=\"article\" \/>\n<meta property=\"og:title\" content=\"Note legali - Bernardi\" \/>\n<meta property=\"og:description\" content=\"Note legali Bernardi Partner STP GmbH\/srl Via Sant\u2019Albuino 2I-39042 Bressanone (BZ) Codice fiscale e partita IVA: 03329260214Codice destinatario: USAL8PV stp@pec.bernardi.bz.itinfo@bernardi.bz.it La contabilit\u00e0 finanziaria \u00e8 gestita dalla nostra societ\u00e0 di elaborazione dati &#8220;Bernardi Partner Data GmbH&#8221;. Bernardi Partner Data GmbHVia Sant\u2019Albuino 239042 Bressanone (BZ) Codice fiscale e partita IVA: 03185950213 Design und Programmazione: Frei und Zeit, [&hellip;]\" \/>\n<meta property=\"og:url\" content=\"https:\/\/bernardi.bz.it\/it\/note-legali\/\" \/>\n<meta property=\"og:site_name\" content=\"Bernardi\" \/>\n<meta property=\"article:modified_time\" content=\"2026-01-29T11:22:42+00:00\" \/>\n<meta name=\"twitter:card\" content=\"summary_large_image\" \/>\n<meta name=\"twitter:label1\" content=\"Tempo di lettura stimato\" \/>\n\t<meta name=\"twitter:data1\" content=\"1 minuto\" \/>\n<script type=\"application\/ld+json\" class=\"yoast-schema-graph\">{\"@context\":\"https:\/\/schema.org\",\"@graph\":[{\"@type\":\"WebPage\",\"@id\":\"https:\/\/bernardi.bz.it\/it\/note-legali\/\",\"url\":\"https:\/\/bernardi.bz.it\/it\/note-legali\/\",\"name\":\"Note legali - Bernardi\",\"isPartOf\":{\"@id\":\"https:\/\/bernardi.bz.it\/it\/#website\"},\"datePublished\":\"2023-01-16T14:58:33+00:00\",\"dateModified\":\"2026-01-29T11:22:42+00:00\",\"breadcrumb\":{\"@id\":\"https:\/\/bernardi.bz.it\/it\/note-legali\/#breadcrumb\"},\"inLanguage\":\"it-IT\",\"potentialAction\":[{\"@type\":\"ReadAction\",\"target\":[\"https:\/\/bernardi.bz.it\/it\/note-legali\/\"]}]},{\"@type\":\"BreadcrumbList\",\"@id\":\"https:\/\/bernardi.bz.it\/it\/note-legali\/#breadcrumb\",\"itemListElement\":[{\"@type\":\"ListItem\",\"position\":1,\"name\":\"Startseite\",\"item\":\"https:\/\/bernardi.bz.it\/it\/\"},{\"@type\":\"ListItem\",\"position\":2,\"name\":\"Note legali\"}]},{\"@type\":\"WebSite\",\"@id\":\"https:\/\/bernardi.bz.it\/it\/#website\",\"url\":\"https:\/\/bernardi.bz.it\/it\/\",\"name\":\"Bernardi\",\"description\":\"Societ\u00e0 di consulenza fiscale e revisione contabile\",\"publisher\":{\"@id\":\"https:\/\/bernardi.bz.it\/it\/#organization\"},\"potentialAction\":[{\"@type\":\"SearchAction\",\"target\":{\"@type\":\"EntryPoint\",\"urlTemplate\":\"https:\/\/bernardi.bz.it\/it\/?s={search_term_string}\"},\"query-input\":{\"@type\":\"PropertyValueSpecification\",\"valueRequired\":true,\"valueName\":\"search_term_string\"}}],\"inLanguage\":\"it-IT\"},{\"@type\":\"Organization\",\"@id\":\"https:\/\/bernardi.bz.it\/it\/#organization\",\"name\":\"Bernardi - Kanzlei f\u00fcr Steuerberatung und Wirtschaftspr\u00fcfung\",\"url\":\"https:\/\/bernardi.bz.it\/it\/\",\"logo\":{\"@type\":\"ImageObject\",\"inLanguage\":\"it-IT\",\"@id\":\"https:\/\/bernardi.bz.it\/it\/#\/schema\/logo\/image\/\",\"url\":\"https:\/\/bernardi.bz.it\/wp-content\/uploads\/2023\/01\/Bernardi-c85m20y55k70.svg\",\"contentUrl\":\"https:\/\/bernardi.bz.it\/wp-content\/uploads\/2023\/01\/Bernardi-c85m20y55k70.svg\",\"caption\":\"Bernardi - Kanzlei f\u00fcr Steuerberatung und Wirtschaftspr\u00fcfung\"},\"image\":{\"@id\":\"https:\/\/bernardi.bz.it\/it\/#\/schema\/logo\/image\/\"}}]}<\/script>\n<!-- \/ Yoast SEO plugin. -->","yoast_head_json":{"title":"Note legali - Bernardi","robots":{"index":"index","follow":"follow","max-snippet":"max-snippet:-1","max-image-preview":"max-image-preview:large","max-video-preview":"max-video-preview:-1"},"canonical":"https:\/\/bernardi.bz.it\/it\/note-legali\/","og_locale":"it_IT","og_type":"article","og_title":"Note legali - Bernardi","og_description":"Note legali Bernardi Partner STP GmbH\/srl Via Sant\u2019Albuino 2I-39042 Bressanone (BZ) Codice fiscale e partita IVA: 03329260214Codice destinatario: USAL8PV stp@pec.bernardi.bz.itinfo@bernardi.bz.it La contabilit\u00e0 finanziaria \u00e8 gestita dalla nostra societ\u00e0 di elaborazione dati &#8220;Bernardi Partner Data GmbH&#8221;. Bernardi Partner Data GmbHVia Sant\u2019Albuino 239042 Bressanone (BZ) Codice fiscale e partita IVA: 03185950213 Design und Programmazione: Frei und Zeit, [&hellip;]","og_url":"https:\/\/bernardi.bz.it\/it\/note-legali\/","og_site_name":"Bernardi","article_modified_time":"2026-01-29T11:22:42+00:00","twitter_card":"summary_large_image","twitter_misc":{"Tempo di lettura stimato":"1 minuto"},"schema":{"@context":"https:\/\/schema.org","@graph":[{"@type":"WebPage","@id":"https:\/\/bernardi.bz.it\/it\/note-legali\/","url":"https:\/\/bernardi.bz.it\/it\/note-legali\/","name":"Note legali - Bernardi","isPartOf":{"@id":"https:\/\/bernardi.bz.it\/it\/#website"},"datePublished":"2023-01-16T14:58:33+00:00","dateModified":"2026-01-29T11:22:42+00:00","breadcrumb":{"@id":"https:\/\/bernardi.bz.it\/it\/note-legali\/#breadcrumb"},"inLanguage":"it-IT","potentialAction":[{"@type":"ReadAction","target":["https:\/\/bernardi.bz.it\/it\/note-legali\/"]}]},{"@type":"BreadcrumbList","@id":"https:\/\/bernardi.bz.it\/it\/note-legali\/#breadcrumb","itemListElement":[{"@type":"ListItem","position":1,"name":"Startseite","item":"https:\/\/bernardi.bz.it\/it\/"},{"@type":"ListItem","position":2,"name":"Note legali"}]},{"@type":"WebSite","@id":"https:\/\/bernardi.bz.it\/it\/#website","url":"https:\/\/bernardi.bz.it\/it\/","name":"Bernardi","description":"Societ\u00e0 di consulenza fiscale e revisione contabile","publisher":{"@id":"https:\/\/bernardi.bz.it\/it\/#organization"},"potentialAction":[{"@type":"SearchAction","target":{"@type":"EntryPoint","urlTemplate":"https:\/\/bernardi.bz.it\/it\/?s={search_term_string}"},"query-input":{"@type":"PropertyValueSpecification","valueRequired":true,"valueName":"search_term_string"}}],"inLanguage":"it-IT"},{"@type":"Organization","@id":"https:\/\/bernardi.bz.it\/it\/#organization","name":"Bernardi - Kanzlei f\u00fcr Steuerberatung und Wirtschaftspr\u00fcfung","url":"https:\/\/bernardi.bz.it\/it\/","logo":{"@type":"ImageObject","inLanguage":"it-IT","@id":"https:\/\/bernardi.bz.it\/it\/#\/schema\/logo\/image\/","url":"https:\/\/bernardi.bz.it\/wp-content\/uploads\/2023\/01\/Bernardi-c85m20y55k70.svg","contentUrl":"https:\/\/bernardi.bz.it\/wp-content\/uploads\/2023\/01\/Bernardi-c85m20y55k70.svg","caption":"Bernardi - Kanzlei f\u00fcr Steuerberatung und Wirtschaftspr\u00fcfung"},"image":{"@id":"https:\/\/bernardi.bz.it\/it\/#\/schema\/logo\/image\/"}}]}},"_links":{"self":[{"href":"https:\/\/bernardi.bz.it\/it\/wp-json\/wp\/v2\/pages\/523","targetHints":{"allow":["GET"]}}],"collection":[{"href":"https:\/\/bernardi.bz.it\/it\/wp-json\/wp\/v2\/pages"}],"about":[{"href":"https:\/\/bernardi.bz.it\/it\/wp-json\/wp\/v2\/types\/page"}],"author":[{"embeddable":true,"href":"https:\/\/bernardi.bz.it\/it\/wp-json\/wp\/v2\/users\/1"}],"replies":[{"embeddable":true,"href":"https:\/\/bernardi.bz.it\/it\/wp-json\/wp\/v2\/comments?post=523"}],"version-history":[{"count":4,"href":"https:\/\/bernardi.bz.it\/it\/wp-json\/wp\/v2\/pages\/523\/revisions"}],"predecessor-version":[{"id":1001,"href":"https:\/\/bernardi.bz.it\/it\/wp-json\/wp\/v2\/pages\/523\/revisions\/1001"}],"wp:attachment":[{"href":"https:\/\/bernardi.bz.it\/it\/wp-json\/wp\/v2\/media?parent=523"}],"curies":[{"name":"wp","href":"https:\/\/api.w.org\/{rel}","templated":true}]}}