{"id":864,"date":"2025-07-21T11:38:57","date_gmt":"2025-07-21T09:38:57","guid":{"rendered":"https:\/\/bernardi.bz.it\/accessibilita\/"},"modified":"2025-07-21T11:57:31","modified_gmt":"2025-07-21T09:57:31","slug":"accessibilita","status":"publish","type":"page","link":"https:\/\/bernardi.bz.it\/it\/accessibilita\/","title":{"rendered":"Accessibilit\u00e0"},"content":{"rendered":"\t\t<div data-elementor-type=\"wp-page\" data-elementor-id=\"864\" class=\"elementor elementor-864 elementor-858\" data-elementor-post-type=\"page\">\n\t\t\t\t<div class=\"elementor-element elementor-element-ab6a736 e-flex e-con-boxed e-con e-parent\" data-id=\"ab6a736\" data-element_type=\"container\">\n\t\t\t\t\t<div class=\"e-con-inner\">\n\t\t\t\t<div class=\"elementor-element elementor-element-90518df elementor-widget elementor-widget-breadcrumbs\" data-id=\"90518df\" data-element_type=\"widget\" data-widget_type=\"breadcrumbs.default\">\n\t\t\t\t<div class=\"elementor-widget-container\">\n\t\t\t\t\t<p id=\"breadcrumbs\"><span><span><a href=\"https:\/\/bernardi.bz.it\/it\/\">Startseite<\/a><\/span><\/span><\/p>\t\t\t\t<\/div>\n\t\t\t\t<\/div>\n\t\t\t\t<div class=\"elementor-element elementor-element-5a3c6ec elementor-widget elementor-widget-heading\" data-id=\"5a3c6ec\" data-element_type=\"widget\" data-widget_type=\"heading.default\">\n\t\t\t\t<div class=\"elementor-widget-container\">\n\t\t\t\t\t<h2 class=\"elementor-heading-title elementor-size-default\">Accessibilit\u00e0<\/h2>\t\t\t\t<\/div>\n\t\t\t\t<\/div>\n\t\t\t\t\t<\/div>\n\t\t\t\t<\/div>\n\t\t<div class=\"elementor-element elementor-element-1fe32e3 animated-slow e-flex e-con-boxed elementor-invisible e-con e-parent\" data-id=\"1fe32e3\" data-element_type=\"container\" data-settings=\"{&quot;animation&quot;:&quot;fadeIn&quot;}\">\n\t\t\t\t\t<div class=\"e-con-inner\">\n\t\t<div class=\"elementor-element elementor-element-15ca786 e-con-full e-flex e-con e-child\" data-id=\"15ca786\" data-element_type=\"container\">\n\t\t\t\t<div class=\"elementor-element elementor-element-2b99084 elementor-widget elementor-widget-heading\" data-id=\"2b99084\" data-element_type=\"widget\" data-widget_type=\"heading.default\">\n\t\t\t\t<div class=\"elementor-widget-container\">\n\t\t\t\t\t<h2 class=\"elementor-heading-title elementor-size-default\">Dichiarazione di accessibilit\u00e0<\/h2>\t\t\t\t<\/div>\n\t\t\t\t<\/div>\n\t\t\t\t<div class=\"elementor-element elementor-element-3778a01 elementor-widget elementor-widget-text-editor\" data-id=\"3778a01\" data-element_type=\"widget\" data-widget_type=\"text-editor.default\">\n\t\t\t\t<div class=\"elementor-widget-container\">\n\t\t\t\t\t\t\t\t\t<p>Noi ci impegniamo a rendere il nostro sito web bernardi.bz.it il pi\u00f9 accessibile possibile, per garantire a tutte le persone \u2013 comprese quelle con disabilit\u00e0 \u2013 un accesso privo di barriere.<\/p>\n\t\t\t\t\t\t\t\t<\/div>\n\t\t\t\t<\/div>\n\t\t\t\t<\/div>\n\t\t<div class=\"elementor-element elementor-element-8382ed3 e-con-full e-flex e-con e-child\" data-id=\"8382ed3\" data-element_type=\"container\">\n\t\t\t\t<div class=\"elementor-element elementor-element-f7b0928 elementor-widget elementor-widget-heading\" data-id=\"f7b0928\" data-element_type=\"widget\" data-widget_type=\"heading.default\">\n\t\t\t\t<div class=\"elementor-widget-container\">\n\t\t\t\t\t<h3 class=\"elementor-heading-title elementor-size-default\">Standard di accessibilit\u00e0<\/h3>\t\t\t\t<\/div>\n\t\t\t\t<\/div>\n\t\t\t\t<div class=\"elementor-element elementor-element-7332be0 elementor-widget elementor-widget-text-editor\" data-id=\"7332be0\" data-element_type=\"widget\" data-widget_type=\"text-editor.default\">\n\t\t\t\t<div class=\"elementor-widget-container\">\n\t\t\t\t\t\t\t\t\t<p>Il nostro sito si basa sulle normative europee sull\u2019accessibilit\u00e0, in particolare sul European Accessibility Act (EAA) che entrer\u00e0 in vigore il 28 giugno 2025, e sulle Linee guida WCAG 2.1 a livello AA.<\/p>\n\t\t\t\t\t\t\t\t<\/div>\n\t\t\t\t<\/div>\n\t\t\t\t<\/div>\n\t\t<div class=\"elementor-element elementor-element-918b322 e-con-full e-flex e-con e-child\" data-id=\"918b322\" data-element_type=\"container\">\n\t\t\t\t<div class=\"elementor-element elementor-element-494a6b5 elementor-widget elementor-widget-heading\" data-id=\"494a6b5\" data-element_type=\"widget\" data-widget_type=\"heading.default\">\n\t\t\t\t<div class=\"elementor-widget-container\">\n\t\t\t\t\t<h3 class=\"elementor-heading-title elementor-size-default\">Misure implementate<\/h3>\t\t\t\t<\/div>\n\t\t\t\t<\/div>\n\t\t\t\t<div class=\"elementor-element elementor-element-779a715 elementor-widget elementor-widget-text-editor\" data-id=\"779a715\" data-element_type=\"widget\" data-widget_type=\"text-editor.default\">\n\t\t\t\t<div class=\"elementor-widget-container\">\n\t\t\t\t\t\t\t\t\t<ul>\n<li>Navigazione tramite tastiera possibile<\/li>\n<li>Testi alternativi per le immagini forniti<\/li>\n<li>Struttura di titoli (H1, H2, \u2026) utilizzata correttamente<\/li>\n<li>Regolazione dei colori e del contrasto tramite widget di accessibilit\u00e0<\/li>\n<li>Testi chiari e comprensibili, link e pulsanti facilmente riconoscibili<\/li>\n<\/ul>\n\t\t\t\t\t\t\t\t<\/div>\n\t\t\t\t<\/div>\n\t\t\t\t<\/div>\n\t\t<div class=\"elementor-element elementor-element-2ea0c62 e-con-full e-flex e-con e-child\" data-id=\"2ea0c62\" data-element_type=\"container\">\n\t\t\t\t<div class=\"elementor-element elementor-element-5fdb3e0 elementor-widget elementor-widget-heading\" data-id=\"5fdb3e0\" data-element_type=\"widget\" data-widget_type=\"heading.default\">\n\t\t\t\t<div class=\"elementor-widget-container\">\n\t\t\t\t\t<h3 class=\"elementor-heading-title elementor-size-default\">Contenuti non accessibili<\/h3>\t\t\t\t<\/div>\n\t\t\t\t<\/div>\n\t\t\t\t<div class=\"elementor-element elementor-element-6827203 elementor-widget elementor-widget-text-editor\" data-id=\"6827203\" data-element_type=\"widget\" data-widget_type=\"text-editor.default\">\n\t\t\t\t<div class=\"elementor-widget-container\">\n\t\t\t\t\t\t\t\t\t<p>Nonostante i nostri sforzi, alcune aree potrebbero non essere ancora completamente accessibili. Lavoriamo costantemente per migliorare il sito.<\/p>\n\t\t\t\t\t\t\t\t<\/div>\n\t\t\t\t<\/div>\n\t\t\t\t<\/div>\n\t\t<div class=\"elementor-element elementor-element-1f24925 e-con-full e-flex e-con e-child\" data-id=\"1f24925\" data-element_type=\"container\">\n\t\t\t\t<div class=\"elementor-element elementor-element-9f9b95d elementor-widget elementor-widget-heading\" data-id=\"9f9b95d\" data-element_type=\"widget\" data-widget_type=\"heading.default\">\n\t\t\t\t<div class=\"elementor-widget-container\">\n\t\t\t\t\t<h3 class=\"elementor-heading-title elementor-size-default\">Feedback e contatti<\/h3>\t\t\t\t<\/div>\n\t\t\t\t<\/div>\n\t\t\t\t<div class=\"elementor-element elementor-element-e63540c elementor-widget elementor-widget-text-editor\" data-id=\"e63540c\" data-element_type=\"widget\" data-widget_type=\"text-editor.default\">\n\t\t\t\t<div class=\"elementor-widget-container\">\n\t\t\t\t\t\t\t\t\t<p>Se riscontri problemi nell\u2019utilizzo del nostro sito o hai domande sull\u2019accessibilit\u00e0, ti preghiamo di contattarci:<\/p>\n<p>Studio Bernardi<br \/>E-Mail:\u00a0<a href=\"mailto:info@bernardi.bz.it\">info@bernardi.bz.it<\/a><\/p>\n\t\t\t\t\t\t\t\t<\/div>\n\t\t\t\t<\/div>\n\t\t\t\t<\/div>\n\t\t<div class=\"elementor-element elementor-element-5750265 e-con-full e-flex e-con e-child\" data-id=\"5750265\" data-element_type=\"container\">\n\t\t\t\t<div class=\"elementor-element elementor-element-7643ff8 elementor-widget elementor-widget-text-editor\" data-id=\"7643ff8\" data-element_type=\"widget\" data-widget_type=\"text-editor.default\">\n\t\t\t\t<div class=\"elementor-widget-container\">\n\t\t\t\t\t\t\t\t\t<p><strong>Data dell\u2019ultima revisione:<\/strong> 21\/07\/2025<\/p>\n\t\t\t\t\t\t\t\t<\/div>\n\t\t\t\t<\/div>\n\t\t\t\t<\/div>\n\t\t\t\t\t<\/div>\n\t\t\t\t<\/div>\n\t\t\t\t<\/div>\n\t\t","protected":false},"excerpt":{"rendered":"<p>Accessibilit\u00e0 Dichiarazione di accessibilit\u00e0 Noi ci impegniamo a rendere il nostro sito web bernardi.bz.it il pi\u00f9 accessibile possibile, per garantire a tutte le persone \u2013 comprese quelle con disabilit\u00e0 \u2013 un accesso privo di barriere. Standard di accessibilit\u00e0 Il nostro sito si basa sulle normative europee sull\u2019accessibilit\u00e0, in particolare sul European Accessibility Act (EAA) che [&hellip;]<\/p>\n","protected":false},"author":1,"featured_media":320,"parent":0,"menu_order":0,"comment_status":"closed","ping_status":"closed","template":"","meta":{"_acf_changed":false,"footnotes":""},"class_list":["post-864","page","type-page","status-publish","has-post-thumbnail","hentry"],"acf":[],"yoast_head":"<!-- This site is optimized with the Yoast SEO plugin v26.8 - https:\/\/yoast.com\/product\/yoast-seo-wordpress\/ -->\n<title>Accessibilit\u00e0 - Bernardi<\/title>\n<meta name=\"robots\" content=\"index, follow, max-snippet:-1, max-image-preview:large, max-video-preview:-1\" \/>\n<link rel=\"canonical\" href=\"https:\/\/bernardi.bz.it\/it\/accessibilita\/\" \/>\n<meta property=\"og:locale\" content=\"it_IT\" \/>\n<meta property=\"og:type\" content=\"article\" \/>\n<meta property=\"og:title\" content=\"Accessibilit\u00e0 - Bernardi\" \/>\n<meta property=\"og:description\" content=\"Accessibilit\u00e0 Dichiarazione di accessibilit\u00e0 Noi ci impegniamo a rendere il nostro sito web bernardi.bz.it il pi\u00f9 accessibile possibile, per garantire a tutte le persone \u2013 comprese quelle con disabilit\u00e0 \u2013 un accesso privo di barriere. Standard di accessibilit\u00e0 Il nostro sito si basa sulle normative europee sull\u2019accessibilit\u00e0, in particolare sul European Accessibility Act (EAA) che [&hellip;]\" \/>\n<meta property=\"og:url\" content=\"https:\/\/bernardi.bz.it\/it\/accessibilita\/\" \/>\n<meta property=\"og:site_name\" content=\"Bernardi\" \/>\n<meta property=\"article:modified_time\" content=\"2025-07-21T09:57:31+00:00\" \/>\n<meta property=\"og:image\" content=\"https:\/\/bernardi.bz.it\/wp-content\/uploads\/2023\/04\/bernardi-stock-2.jpg\" \/>\n\t<meta property=\"og:image:width\" content=\"800\" \/>\n\t<meta property=\"og:image:height\" content=\"800\" \/>\n\t<meta property=\"og:image:type\" content=\"image\/jpeg\" \/>\n<meta name=\"twitter:card\" content=\"summary_large_image\" \/>\n<meta name=\"twitter:label1\" content=\"Tempo di lettura stimato\" \/>\n\t<meta name=\"twitter:data1\" content=\"1 minuto\" \/>\n<script type=\"application\/ld+json\" class=\"yoast-schema-graph\">{\"@context\":\"https:\/\/schema.org\",\"@graph\":[{\"@type\":\"WebPage\",\"@id\":\"https:\/\/bernardi.bz.it\/it\/accessibilita\/\",\"url\":\"https:\/\/bernardi.bz.it\/it\/accessibilita\/\",\"name\":\"Accessibilit\u00e0 - Bernardi\",\"isPartOf\":{\"@id\":\"https:\/\/bernardi.bz.it\/it\/#website\"},\"primaryImageOfPage\":{\"@id\":\"https:\/\/bernardi.bz.it\/it\/accessibilita\/#primaryimage\"},\"image\":{\"@id\":\"https:\/\/bernardi.bz.it\/it\/accessibilita\/#primaryimage\"},\"thumbnailUrl\":\"https:\/\/bernardi.bz.it\/wp-content\/uploads\/2023\/04\/bernardi-stock-2.jpg\",\"datePublished\":\"2025-07-21T09:38:57+00:00\",\"dateModified\":\"2025-07-21T09:57:31+00:00\",\"breadcrumb\":{\"@id\":\"https:\/\/bernardi.bz.it\/it\/accessibilita\/#breadcrumb\"},\"inLanguage\":\"it-IT\",\"potentialAction\":[{\"@type\":\"ReadAction\",\"target\":[\"https:\/\/bernardi.bz.it\/it\/accessibilita\/\"]}]},{\"@type\":\"ImageObject\",\"inLanguage\":\"it-IT\",\"@id\":\"https:\/\/bernardi.bz.it\/it\/accessibilita\/#primaryimage\",\"url\":\"https:\/\/bernardi.bz.it\/wp-content\/uploads\/2023\/04\/bernardi-stock-2.jpg\",\"contentUrl\":\"https:\/\/bernardi.bz.it\/wp-content\/uploads\/2023\/04\/bernardi-stock-2.jpg\",\"width\":800,\"height\":800},{\"@type\":\"BreadcrumbList\",\"@id\":\"https:\/\/bernardi.bz.it\/it\/accessibilita\/#breadcrumb\",\"itemListElement\":[{\"@type\":\"ListItem\",\"position\":1,\"name\":\"Startseite\",\"item\":\"https:\/\/bernardi.bz.it\/it\/\"},{\"@type\":\"ListItem\",\"position\":2,\"name\":\"Accessibilit\u00e0\"}]},{\"@type\":\"WebSite\",\"@id\":\"https:\/\/bernardi.bz.it\/it\/#website\",\"url\":\"https:\/\/bernardi.bz.it\/it\/\",\"name\":\"Bernardi\",\"description\":\"Societ\u00e0 di consulenza fiscale e revisione contabile\",\"publisher\":{\"@id\":\"https:\/\/bernardi.bz.it\/it\/#organization\"},\"potentialAction\":[{\"@type\":\"SearchAction\",\"target\":{\"@type\":\"EntryPoint\",\"urlTemplate\":\"https:\/\/bernardi.bz.it\/it\/?s={search_term_string}\"},\"query-input\":{\"@type\":\"PropertyValueSpecification\",\"valueRequired\":true,\"valueName\":\"search_term_string\"}}],\"inLanguage\":\"it-IT\"},{\"@type\":\"Organization\",\"@id\":\"https:\/\/bernardi.bz.it\/it\/#organization\",\"name\":\"Bernardi - Kanzlei f\u00fcr Steuerberatung und Wirtschaftspr\u00fcfung\",\"url\":\"https:\/\/bernardi.bz.it\/it\/\",\"logo\":{\"@type\":\"ImageObject\",\"inLanguage\":\"it-IT\",\"@id\":\"https:\/\/bernardi.bz.it\/it\/#\/schema\/logo\/image\/\",\"url\":\"https:\/\/bernardi.bz.it\/wp-content\/uploads\/2023\/01\/Bernardi-c85m20y55k70.svg\",\"contentUrl\":\"https:\/\/bernardi.bz.it\/wp-content\/uploads\/2023\/01\/Bernardi-c85m20y55k70.svg\",\"caption\":\"Bernardi - Kanzlei f\u00fcr Steuerberatung und Wirtschaftspr\u00fcfung\"},\"image\":{\"@id\":\"https:\/\/bernardi.bz.it\/it\/#\/schema\/logo\/image\/\"}}]}<\/script>\n<!-- \/ Yoast SEO plugin. -->","yoast_head_json":{"title":"Accessibilit\u00e0 - Bernardi","robots":{"index":"index","follow":"follow","max-snippet":"max-snippet:-1","max-image-preview":"max-image-preview:large","max-video-preview":"max-video-preview:-1"},"canonical":"https:\/\/bernardi.bz.it\/it\/accessibilita\/","og_locale":"it_IT","og_type":"article","og_title":"Accessibilit\u00e0 - Bernardi","og_description":"Accessibilit\u00e0 Dichiarazione di accessibilit\u00e0 Noi ci impegniamo a rendere il nostro sito web bernardi.bz.it il pi\u00f9 accessibile possibile, per garantire a tutte le persone \u2013 comprese quelle con disabilit\u00e0 \u2013 un accesso privo di barriere. Standard di accessibilit\u00e0 Il nostro sito si basa sulle normative europee sull\u2019accessibilit\u00e0, in particolare sul European Accessibility Act (EAA) che [&hellip;]","og_url":"https:\/\/bernardi.bz.it\/it\/accessibilita\/","og_site_name":"Bernardi","article_modified_time":"2025-07-21T09:57:31+00:00","og_image":[{"width":800,"height":800,"url":"https:\/\/bernardi.bz.it\/wp-content\/uploads\/2023\/04\/bernardi-stock-2.jpg","type":"image\/jpeg"}],"twitter_card":"summary_large_image","twitter_misc":{"Tempo di lettura stimato":"1 minuto"},"schema":{"@context":"https:\/\/schema.org","@graph":[{"@type":"WebPage","@id":"https:\/\/bernardi.bz.it\/it\/accessibilita\/","url":"https:\/\/bernardi.bz.it\/it\/accessibilita\/","name":"Accessibilit\u00e0 - Bernardi","isPartOf":{"@id":"https:\/\/bernardi.bz.it\/it\/#website"},"primaryImageOfPage":{"@id":"https:\/\/bernardi.bz.it\/it\/accessibilita\/#primaryimage"},"image":{"@id":"https:\/\/bernardi.bz.it\/it\/accessibilita\/#primaryimage"},"thumbnailUrl":"https:\/\/bernardi.bz.it\/wp-content\/uploads\/2023\/04\/bernardi-stock-2.jpg","datePublished":"2025-07-21T09:38:57+00:00","dateModified":"2025-07-21T09:57:31+00:00","breadcrumb":{"@id":"https:\/\/bernardi.bz.it\/it\/accessibilita\/#breadcrumb"},"inLanguage":"it-IT","potentialAction":[{"@type":"ReadAction","target":["https:\/\/bernardi.bz.it\/it\/accessibilita\/"]}]},{"@type":"ImageObject","inLanguage":"it-IT","@id":"https:\/\/bernardi.bz.it\/it\/accessibilita\/#primaryimage","url":"https:\/\/bernardi.bz.it\/wp-content\/uploads\/2023\/04\/bernardi-stock-2.jpg","contentUrl":"https:\/\/bernardi.bz.it\/wp-content\/uploads\/2023\/04\/bernardi-stock-2.jpg","width":800,"height":800},{"@type":"BreadcrumbList","@id":"https:\/\/bernardi.bz.it\/it\/accessibilita\/#breadcrumb","itemListElement":[{"@type":"ListItem","position":1,"name":"Startseite","item":"https:\/\/bernardi.bz.it\/it\/"},{"@type":"ListItem","position":2,"name":"Accessibilit\u00e0"}]},{"@type":"WebSite","@id":"https:\/\/bernardi.bz.it\/it\/#website","url":"https:\/\/bernardi.bz.it\/it\/","name":"Bernardi","description":"Societ\u00e0 di consulenza fiscale e revisione contabile","publisher":{"@id":"https:\/\/bernardi.bz.it\/it\/#organization"},"potentialAction":[{"@type":"SearchAction","target":{"@type":"EntryPoint","urlTemplate":"https:\/\/bernardi.bz.it\/it\/?s={search_term_string}"},"query-input":{"@type":"PropertyValueSpecification","valueRequired":true,"valueName":"search_term_string"}}],"inLanguage":"it-IT"},{"@type":"Organization","@id":"https:\/\/bernardi.bz.it\/it\/#organization","name":"Bernardi - Kanzlei f\u00fcr Steuerberatung und Wirtschaftspr\u00fcfung","url":"https:\/\/bernardi.bz.it\/it\/","logo":{"@type":"ImageObject","inLanguage":"it-IT","@id":"https:\/\/bernardi.bz.it\/it\/#\/schema\/logo\/image\/","url":"https:\/\/bernardi.bz.it\/wp-content\/uploads\/2023\/01\/Bernardi-c85m20y55k70.svg","contentUrl":"https:\/\/bernardi.bz.it\/wp-content\/uploads\/2023\/01\/Bernardi-c85m20y55k70.svg","caption":"Bernardi - Kanzlei f\u00fcr Steuerberatung und Wirtschaftspr\u00fcfung"},"image":{"@id":"https:\/\/bernardi.bz.it\/it\/#\/schema\/logo\/image\/"}}]}},"_links":{"self":[{"href":"https:\/\/bernardi.bz.it\/it\/wp-json\/wp\/v2\/pages\/864","targetHints":{"allow":["GET"]}}],"collection":[{"href":"https:\/\/bernardi.bz.it\/it\/wp-json\/wp\/v2\/pages"}],"about":[{"href":"https:\/\/bernardi.bz.it\/it\/wp-json\/wp\/v2\/types\/page"}],"author":[{"embeddable":true,"href":"https:\/\/bernardi.bz.it\/it\/wp-json\/wp\/v2\/users\/1"}],"replies":[{"embeddable":true,"href":"https:\/\/bernardi.bz.it\/it\/wp-json\/wp\/v2\/comments?post=864"}],"version-history":[{"count":1,"href":"https:\/\/bernardi.bz.it\/it\/wp-json\/wp\/v2\/pages\/864\/revisions"}],"predecessor-version":[{"id":865,"href":"https:\/\/bernardi.bz.it\/it\/wp-json\/wp\/v2\/pages\/864\/revisions\/865"}],"wp:featuredmedia":[{"embeddable":true,"href":"https:\/\/bernardi.bz.it\/it\/wp-json\/wp\/v2\/media\/320"}],"wp:attachment":[{"href":"https:\/\/bernardi.bz.it\/it\/wp-json\/wp\/v2\/media?parent=864"}],"curies":[{"name":"wp","href":"https:\/\/api.w.org\/{rel}","templated":true}]}}